{"id":843,"date":"2023-06-20T08:29:24","date_gmt":"2023-06-20T08:29:24","guid":{"rendered":"https:\/\/xn--apart-jger-w5a.at\/imprint\/"},"modified":"2023-08-01T06:17:32","modified_gmt":"2023-08-01T06:17:32","slug":"imprint","status":"publish","type":"page","link":"https:\/\/apart-jaeger.at\/en\/imprint\/","title":{"rendered":"Imprint"},"content":{"rendered":"\t\t<div data-elementor-type=\"wp-page\" data-elementor-id=\"843\" class=\"elementor elementor-843 elementor-25\" data-elementor-post-type=\"page\">\n\t\t\t\t<div class=\"elementor-element elementor-element-48eb2b8 link-rot e-flex e-con-boxed e-con e-parent\" data-id=\"48eb2b8\" data-element_type=\"container\" data-e-type=\"container\">\n\t\t\t\t\t<div class=\"e-con-inner\">\n\t\t\t\t<div class=\"elementor-element elementor-element-4160b51 elementor-widget elementor-widget-heading\" data-id=\"4160b51\" data-element_type=\"widget\" data-e-type=\"widget\" data-widget_type=\"heading.default\">\n\t\t\t\t<div class=\"elementor-widget-container\">\n\t\t\t\t\t<h2 class=\"elementor-heading-title elementor-size-default\">Imprint<\/h2>\t\t\t\t<\/div>\n\t\t\t\t<\/div>\n\t\t\t\t<div class=\"elementor-element elementor-element-87bf13f elementor-widget elementor-widget-text-editor\" data-id=\"87bf13f\" data-element_type=\"widget\" data-e-type=\"widget\" data-widget_type=\"text-editor.default\">\n\t\t\t\t<div class=\"elementor-widget-container\">\n\t\t\t\t\t\t\t\t\t<p><strong>Owner &amp; operator of the website:<\/strong><\/p>\n<p>Apart J\u00e4ger<br \/>\nChristian J\u00e4ger<br \/>\nDorfstra\u00dfe 3, 6273 Ried im Zillertal<br \/>\noffice@apart-j\u00e4ger.at<br \/>\n+43 5283 2249<\/p>\n<p>Legal form: Sole proprietorship<br \/>\nUID number: ATU33288304<br \/>\nCommercial register court: Zell am Ziller<br \/>\nChamber affiliation: WKO<br \/>\nRegulatory Authority: BH Schwaz<\/p>\n<p><strong>Design, programming &amp; hosting:<\/strong><\/p>\n<p>Huber Web Media GmbH<\/p>\n<p>Mils Au 70<br \/>\n6493 Mils bei Imst<br \/>\nTyrol \u2013 Austria<\/p>\n<p>Tel.: 0043 650 4488663<br \/>\nMail: <a href=\"mailto:info@huberwebmedia.at\">info@huberwebmedia.at<\/a><br \/>\nWeb: <a href=\"http:\/\/www.huberwebmedia.at\">www.huberwebmedia.at<\/a><br \/>\nUID: ATU 77423049<\/p>\n<p><strong>Liability:<\/strong><\/p>\n<p>All contents have been examined carefully, however no guarantee can be made regarding accuracy, completeness, and topicality. Liabilities caused by the use or misuse of the information offered, or by the use of incorrect and incomplete information, are strictly excluded.<\/p>\n<p><strong>Liability for links:<\/strong><\/p>\n<p>Our website contains links to external, third-party websites for which our organisation is not responsible. We have no influence on the content of these websites, but the operating companies of these sites are exclusively responsible. No unlawful contents were in evidence at the time the links were created.<\/p>\n<p><strong>Image rights:<\/strong><\/p>\n<p>The image material displayed on this website is protected by copyright and is not binding. \u00a9 &#8211; Huber Web Media Gmbh.<\/p>\n<p>Photo cyclist, photo biking over bridge; photo F\u00fcgen mountain with family, photo Spieljoch mountain station, toboggan run Spieljoch family, winter hiking Spieljoch: \u00a9ErsteFerienregion, AndiFrank.<br \/>\nPhoto Olperer hut &amp; reservoir; Photo sunrise: \u00a9Daum Manuel<br \/>\nPhoto winter landscape Hochzillertal: \u00a9becknaphoto<br \/>\nPhotos winter hike Hochf\u00fcgen; photo MTB Hochf\u00fcgen, photo mountains in the fog: \u00a9ErsteFerienregion | becknaphoto<br \/>\nPhoto Erlebnistherme Zillertal F\u00fcgen \u00a9 Ebenbichler<\/p>\n<p>All rights reserved.<\/p>\n<p><strong>Copyright:<\/strong><\/p>\n<p>All texts, graphics and images are protected by copyright and may not be used unless prior permission has been obtained from the owner.<\/p>\n<p><strong>Purpose of the website:<\/strong><\/p>\n<p>This website serves to inform the user about goods and services of our organisation.<\/p>\n<p>&nbsp;<\/p>\n<p>&nbsp;<\/p>\n<p>&nbsp;<\/p>\n\t\t\t\t\t\t\t\t<\/div>\n\t\t\t\t<\/div>\n\t\t\t\t\t<\/div>\n\t\t\t\t<\/div>\n\t\t\t\t<\/div>\n\t\t","protected":false},"excerpt":{"rendered":"<p>Imprint Owner &amp; operator of the website: Apart J\u00e4ger Christian J\u00e4ger Dorfstra\u00dfe 3, 6273 Ried im Zillertal office@apart-j\u00e4ger.at +43 5283 2249 Legal form: Sole proprietorship UID number: ATU33288304 Commercial register court: Zell am Ziller Chamber affiliation: WKO Regulatory Authority: BH Schwaz Design, programming &amp; hosting: Huber Web Media GmbH Mils Au 70 6493 Mils bei [&hellip;]<\/p>\n","protected":false},"author":2,"featured_media":0,"parent":0,"menu_order":6,"comment_status":"closed","ping_status":"closed","template":"","meta":{"_acf_changed":false,"footnotes":""},"class_list":["post-843","page","type-page","status-publish","hentry"],"acf":[],"yoast_head":"<!-- This site is optimized with the Yoast SEO plugin v27.3 - https:\/\/yoast.com\/product\/yoast-seo-wordpress\/ -->\n<title>Imprint - Apart J\u00e4ger<\/title>\n<meta name=\"robots\" content=\"index, follow, max-snippet:-1, max-image-preview:large, max-video-preview:-1\" \/>\n<link rel=\"canonical\" href=\"https:\/\/apart-jaeger.at\/en\/imprint\/\" \/>\n<meta property=\"og:locale\" content=\"en_US\" \/>\n<meta property=\"og:type\" content=\"article\" \/>\n<meta property=\"og:title\" content=\"Imprint - Apart J\u00e4ger\" \/>\n<meta property=\"og:description\" content=\"Imprint Owner &amp; operator of the website: Apart J\u00e4ger Christian J\u00e4ger Dorfstra\u00dfe 3, 6273 Ried im Zillertal office@apart-j\u00e4ger.at +43 5283 2249 Legal form: Sole proprietorship UID number: ATU33288304 Commercial register court: Zell am Ziller Chamber affiliation: WKO Regulatory Authority: BH Schwaz Design, programming &amp; hosting: Huber Web Media GmbH Mils Au 70 6493 Mils bei [&hellip;]\" \/>\n<meta property=\"og:url\" content=\"https:\/\/apart-jaeger.at\/en\/imprint\/\" \/>\n<meta property=\"og:site_name\" content=\"Apart J\u00e4ger\" \/>\n<meta property=\"article:modified_time\" content=\"2023-08-01T06:17:32+00:00\" \/>\n<meta name=\"twitter:card\" content=\"summary_large_image\" \/>\n<meta name=\"twitter:label1\" content=\"Est. reading time\" \/>\n\t<meta name=\"twitter:data1\" content=\"2 minutes\" \/>\n<script type=\"application\/ld+json\" class=\"yoast-schema-graph\">{\"@context\":\"https:\\\/\\\/schema.org\",\"@graph\":[{\"@type\":\"WebPage\",\"@id\":\"https:\\\/\\\/apart-jaeger.at\\\/en\\\/imprint\\\/\",\"url\":\"https:\\\/\\\/apart-jaeger.at\\\/en\\\/imprint\\\/\",\"name\":\"Imprint - Apart J\u00e4ger\",\"isPartOf\":{\"@id\":\"https:\\\/\\\/apart-jaeger.at\\\/en\\\/#website\"},\"datePublished\":\"2023-06-20T08:29:24+00:00\",\"dateModified\":\"2023-08-01T06:17:32+00:00\",\"breadcrumb\":{\"@id\":\"https:\\\/\\\/apart-jaeger.at\\\/en\\\/imprint\\\/#breadcrumb\"},\"inLanguage\":\"en-US\",\"potentialAction\":[{\"@type\":\"ReadAction\",\"target\":[\"https:\\\/\\\/apart-jaeger.at\\\/en\\\/imprint\\\/\"]}]},{\"@type\":\"BreadcrumbList\",\"@id\":\"https:\\\/\\\/apart-jaeger.at\\\/en\\\/imprint\\\/#breadcrumb\",\"itemListElement\":[{\"@type\":\"ListItem\",\"position\":1,\"name\":\"Home\",\"item\":\"https:\\\/\\\/apart-jaeger.at\\\/en\\\/\"},{\"@type\":\"ListItem\",\"position\":2,\"name\":\"Imprint\"}]},{\"@type\":\"WebSite\",\"@id\":\"https:\\\/\\\/apart-jaeger.at\\\/en\\\/#website\",\"url\":\"https:\\\/\\\/apart-jaeger.at\\\/en\\\/\",\"name\":\"Apart J\u00e4ger\",\"description\":\"Ferienhaus &amp; Apartments\",\"publisher\":{\"@id\":\"https:\\\/\\\/apart-jaeger.at\\\/en\\\/#organization\"},\"potentialAction\":[{\"@type\":\"SearchAction\",\"target\":{\"@type\":\"EntryPoint\",\"urlTemplate\":\"https:\\\/\\\/apart-jaeger.at\\\/en\\\/?s={search_term_string}\"},\"query-input\":{\"@type\":\"PropertyValueSpecification\",\"valueRequired\":true,\"valueName\":\"search_term_string\"}}],\"inLanguage\":\"en-US\"},{\"@type\":\"Organization\",\"@id\":\"https:\\\/\\\/apart-jaeger.at\\\/en\\\/#organization\",\"name\":\"Apart J\u00e4ger\",\"url\":\"https:\\\/\\\/apart-jaeger.at\\\/en\\\/\",\"logo\":{\"@type\":\"ImageObject\",\"inLanguage\":\"en-US\",\"@id\":\"https:\\\/\\\/apart-jaeger.at\\\/en\\\/#\\\/schema\\\/logo\\\/image\\\/\",\"url\":\"https:\\\/\\\/apart-jaeger.at\\\/wp-content\\\/uploads\\\/2023\\\/04\\\/Logo-Apart-Jaeger-RGB-final.png\",\"contentUrl\":\"https:\\\/\\\/apart-jaeger.at\\\/wp-content\\\/uploads\\\/2023\\\/04\\\/Logo-Apart-Jaeger-RGB-final.png\",\"width\":600,\"height\":300,\"caption\":\"Apart J\u00e4ger\"},\"image\":{\"@id\":\"https:\\\/\\\/apart-jaeger.at\\\/en\\\/#\\\/schema\\\/logo\\\/image\\\/\"}}]}<\/script>\n<!-- \/ Yoast SEO plugin. -->","yoast_head_json":{"title":"Imprint - Apart J\u00e4ger","robots":{"index":"index","follow":"follow","max-snippet":"max-snippet:-1","max-image-preview":"max-image-preview:large","max-video-preview":"max-video-preview:-1"},"canonical":"https:\/\/apart-jaeger.at\/en\/imprint\/","og_locale":"en_US","og_type":"article","og_title":"Imprint - Apart J\u00e4ger","og_description":"Imprint Owner &amp; operator of the website: Apart J\u00e4ger Christian J\u00e4ger Dorfstra\u00dfe 3, 6273 Ried im Zillertal office@apart-j\u00e4ger.at +43 5283 2249 Legal form: Sole proprietorship UID number: ATU33288304 Commercial register court: Zell am Ziller Chamber affiliation: WKO Regulatory Authority: BH Schwaz Design, programming &amp; hosting: Huber Web Media GmbH Mils Au 70 6493 Mils bei [&hellip;]","og_url":"https:\/\/apart-jaeger.at\/en\/imprint\/","og_site_name":"Apart J\u00e4ger","article_modified_time":"2023-08-01T06:17:32+00:00","twitter_card":"summary_large_image","twitter_misc":{"Est. reading time":"2 minutes"},"schema":{"@context":"https:\/\/schema.org","@graph":[{"@type":"WebPage","@id":"https:\/\/apart-jaeger.at\/en\/imprint\/","url":"https:\/\/apart-jaeger.at\/en\/imprint\/","name":"Imprint - Apart J\u00e4ger","isPartOf":{"@id":"https:\/\/apart-jaeger.at\/en\/#website"},"datePublished":"2023-06-20T08:29:24+00:00","dateModified":"2023-08-01T06:17:32+00:00","breadcrumb":{"@id":"https:\/\/apart-jaeger.at\/en\/imprint\/#breadcrumb"},"inLanguage":"en-US","potentialAction":[{"@type":"ReadAction","target":["https:\/\/apart-jaeger.at\/en\/imprint\/"]}]},{"@type":"BreadcrumbList","@id":"https:\/\/apart-jaeger.at\/en\/imprint\/#breadcrumb","itemListElement":[{"@type":"ListItem","position":1,"name":"Home","item":"https:\/\/apart-jaeger.at\/en\/"},{"@type":"ListItem","position":2,"name":"Imprint"}]},{"@type":"WebSite","@id":"https:\/\/apart-jaeger.at\/en\/#website","url":"https:\/\/apart-jaeger.at\/en\/","name":"Apart J\u00e4ger","description":"Ferienhaus &amp; Apartments","publisher":{"@id":"https:\/\/apart-jaeger.at\/en\/#organization"},"potentialAction":[{"@type":"SearchAction","target":{"@type":"EntryPoint","urlTemplate":"https:\/\/apart-jaeger.at\/en\/?s={search_term_string}"},"query-input":{"@type":"PropertyValueSpecification","valueRequired":true,"valueName":"search_term_string"}}],"inLanguage":"en-US"},{"@type":"Organization","@id":"https:\/\/apart-jaeger.at\/en\/#organization","name":"Apart J\u00e4ger","url":"https:\/\/apart-jaeger.at\/en\/","logo":{"@type":"ImageObject","inLanguage":"en-US","@id":"https:\/\/apart-jaeger.at\/en\/#\/schema\/logo\/image\/","url":"https:\/\/apart-jaeger.at\/wp-content\/uploads\/2023\/04\/Logo-Apart-Jaeger-RGB-final.png","contentUrl":"https:\/\/apart-jaeger.at\/wp-content\/uploads\/2023\/04\/Logo-Apart-Jaeger-RGB-final.png","width":600,"height":300,"caption":"Apart J\u00e4ger"},"image":{"@id":"https:\/\/apart-jaeger.at\/en\/#\/schema\/logo\/image\/"}}]}},"_links":{"self":[{"href":"https:\/\/apart-jaeger.at\/en\/wp-json\/wp\/v2\/pages\/843","targetHints":{"allow":["GET"]}}],"collection":[{"href":"https:\/\/apart-jaeger.at\/en\/wp-json\/wp\/v2\/pages"}],"about":[{"href":"https:\/\/apart-jaeger.at\/en\/wp-json\/wp\/v2\/types\/page"}],"author":[{"embeddable":true,"href":"https:\/\/apart-jaeger.at\/en\/wp-json\/wp\/v2\/users\/2"}],"replies":[{"embeddable":true,"href":"https:\/\/apart-jaeger.at\/en\/wp-json\/wp\/v2\/comments?post=843"}],"version-history":[{"count":4,"href":"https:\/\/apart-jaeger.at\/en\/wp-json\/wp\/v2\/pages\/843\/revisions"}],"predecessor-version":[{"id":998,"href":"https:\/\/apart-jaeger.at\/en\/wp-json\/wp\/v2\/pages\/843\/revisions\/998"}],"wp:attachment":[{"href":"https:\/\/apart-jaeger.at\/en\/wp-json\/wp\/v2\/media?parent=843"}],"curies":[{"name":"wp","href":"https:\/\/api.w.org\/{rel}","templated":true}]}}