{"id":839,"date":"2023-06-20T08:27:48","date_gmt":"2023-06-20T08:27:48","guid":{"rendered":"https:\/\/xn--apart-jger-w5a.at\/location-arrival\/"},"modified":"2025-05-26T09:18:24","modified_gmt":"2025-05-26T09:18:24","slug":"location-arrival","status":"publish","type":"page","link":"https:\/\/apart-jaeger.at\/en\/location-arrival\/","title":{"rendered":"Location &#038; Arrival"},"content":{"rendered":"\t\t<div data-elementor-type=\"wp-page\" data-elementor-id=\"839\" class=\"elementor elementor-839 elementor-22\" data-elementor-post-type=\"page\">\n\t\t\t\t<div class=\"elementor-element elementor-element-e19444a e-flex e-con-boxed e-con e-parent\" data-id=\"e19444a\" data-element_type=\"container\" data-e-type=\"container\" data-settings=\"{&quot;background_background&quot;:&quot;classic&quot;}\">\n\t\t\t\t\t<div class=\"e-con-inner\">\n\t\t<div class=\"elementor-element elementor-element-680a6dc6 e-con-full e-flex e-con e-child\" data-id=\"680a6dc6\" data-element_type=\"container\" data-e-type=\"container\">\n\t\t\t\t<\/div>\n\t\t\t\t\t<\/div>\n\t\t\t\t<\/div>\n\t\t<div class=\"elementor-element elementor-element-609ff11 e-flex e-con-boxed e-con e-parent\" data-id=\"609ff11\" data-element_type=\"container\" data-e-type=\"container\" data-settings=\"{&quot;background_background&quot;:&quot;classic&quot;}\">\n\t\t\t\t\t<div class=\"e-con-inner\">\n\t\t<div class=\"elementor-element elementor-element-3a70a903 e-flex e-con-boxed e-con e-child\" data-id=\"3a70a903\" data-element_type=\"container\" data-e-type=\"container\">\n\t\t\t\t\t<div class=\"e-con-inner\">\n\t\t\t\t<div class=\"elementor-element elementor-element-42507965 elementor-widget elementor-widget-heading\" data-id=\"42507965\" data-element_type=\"widget\" data-e-type=\"widget\" data-widget_type=\"heading.default\">\n\t\t\t\t<div class=\"elementor-widget-container\">\n\t\t\t\t\t<h1 class=\"elementor-heading-title elementor-size-default\">Location &amp; Arrival<\/h1>\t\t\t\t<\/div>\n\t\t\t\t<\/div>\n\t\t\t\t<div class=\"elementor-element elementor-element-7d63b290 animated-slow elementor-invisible elementor-widget elementor-widget-heading\" data-id=\"7d63b290\" data-element_type=\"widget\" data-e-type=\"widget\" data-settings=\"{&quot;_animation&quot;:&quot;fadeIn&quot;}\" data-widget_type=\"heading.default\">\n\t\t\t\t<div class=\"elementor-widget-container\">\n\t\t\t\t\t<h1 class=\"elementor-heading-title elementor-size-default\">Apart J\u00e4ger in Ried in the Zillertal<\/h1>\t\t\t\t<\/div>\n\t\t\t\t<\/div>\n\t\t\t\t\t<\/div>\n\t\t\t\t<\/div>\n\t\t<div class=\"elementor-element elementor-element-7569488a e-flex e-con-boxed e-con e-child\" data-id=\"7569488a\" data-element_type=\"container\" data-e-type=\"container\">\n\t\t\t\t\t<div class=\"e-con-inner\">\n\t\t\t\t<div class=\"elementor-element elementor-element-c569779 elementor-widget elementor-widget-text-editor\" data-id=\"c569779\" data-element_type=\"widget\" data-e-type=\"widget\" data-widget_type=\"text-editor.default\">\n\t\t\t\t<div class=\"elementor-widget-container\">\n\t\t\t\t\t\t\t\t\t<p>Our apartment house is located at Bahnhofstra\u00dfe 9 in 6273 Ried im Zillertal.<\/p>\n<p>The J\u00e4ger cottage is only a few meters away and has the address Bahnhofstra\u00dfe 13.<\/p>\n\t\t\t\t\t\t\t\t<\/div>\n\t\t\t\t<\/div>\n\t\t\t\t<div class=\"elementor-element elementor-element-fc7114e elementor-widget elementor-widget-osm-map-elementor\" data-id=\"fc7114e\" data-element_type=\"widget\" data-e-type=\"widget\" data-widget_type=\"osm-map-elementor.default\">\n\t\t\t\t<div class=\"elementor-widget-container\">\n\t\t\t\t\t<div id=\"osm-map-fc7114e\" \n        class=\"osm-map-container\" \n        data-center=\"47.30410354352,11.873096545247\"><\/div>        <script type=\"text\/javascript\">\n                    <\/script>\n        \t\t\t\t<\/div>\n\t\t\t\t<\/div>\n\t\t\t\t\t<\/div>\n\t\t\t\t<\/div>\n\t\t\t\t\t<\/div>\n\t\t\t\t<\/div>\n\t\t<div class=\"elementor-element elementor-element-26ed3cd e-flex e-con-boxed e-con e-parent\" data-id=\"26ed3cd\" data-element_type=\"container\" data-e-type=\"container\">\n\t\t\t\t\t<div class=\"e-con-inner\">\n\t\t\t\t<div class=\"elementor-element elementor-element-e6ec9c6 elementor-widget elementor-widget-heading\" data-id=\"e6ec9c6\" data-element_type=\"widget\" data-e-type=\"widget\" data-widget_type=\"heading.default\">\n\t\t\t\t<div class=\"elementor-widget-container\">\n\t\t\t\t\t<h2 class=\"elementor-heading-title elementor-size-default\">Arrival<\/h2>\t\t\t\t<\/div>\n\t\t\t\t<\/div>\n\t\t\t\t<div class=\"elementor-element elementor-element-85a8506 elementor-widget elementor-widget-text-editor\" data-id=\"85a8506\" data-element_type=\"widget\" data-e-type=\"widget\" data-widget_type=\"text-editor.default\">\n\t\t\t\t<div class=\"elementor-widget-container\">\n\t\t\t\t\t\t\t\t\t<p>Both the train station and a bus stop are within walking distance. Therefore, we would also like to recommend a sustainable journey by public transport.<\/p>\n<p>For check-in, simply come to us at the Aparthotel hin&amp;weg in Dorfstra\u00dfe 3 in Ried im Zillertal. After check-in we will accompany you to your apartment or cottage and show you the parking lot as well as the accommodation.<\/p>\n<p>We are looking forward to meeting you.<\/p>\n\t\t\t\t\t\t\t\t<\/div>\n\t\t\t\t<\/div>\n\t\t\t\t\t<\/div>\n\t\t\t\t<\/div>\n\t\t\t\t<\/div>\n\t\t","protected":false},"excerpt":{"rendered":"<p>Location &#038; Arrival Apart J\u00e4ger in Ried in the Zillertal Our apartment house is located at Bahnhofstra\u00dfe 9 in 6273 Ried im Zillertal. The J\u00e4ger cottage is only a few meters away and has the address Bahnhofstra\u00dfe 13. Arrival Both the train station and a bus stop are within walking distance. Therefore, we would also [&hellip;]<\/p>\n","protected":false},"author":2,"featured_media":0,"parent":0,"menu_order":4,"comment_status":"closed","ping_status":"closed","template":"","meta":{"_acf_changed":false,"footnotes":""},"class_list":["post-839","page","type-page","status-publish","hentry"],"acf":[],"yoast_head":"<!-- This site is optimized with the Yoast SEO plugin v27.3 - https:\/\/yoast.com\/product\/yoast-seo-wordpress\/ -->\n<title>Location &amp; Arrival in the Zillertal<\/title>\n<meta name=\"description\" content=\"You can reach us comfortably by car, train or bus. The bus and train stops are only 200 meters from the houses.\" \/>\n<meta name=\"robots\" content=\"index, follow, max-snippet:-1, max-image-preview:large, max-video-preview:-1\" \/>\n<link rel=\"canonical\" href=\"https:\/\/apart-jaeger.at\/en\/location-arrival\/\" \/>\n<meta property=\"og:locale\" content=\"en_US\" \/>\n<meta property=\"og:type\" content=\"article\" \/>\n<meta property=\"og:title\" content=\"Location &amp; Arrival in the Zillertal\" \/>\n<meta property=\"og:description\" content=\"You can reach us comfortably by car, train or bus. The bus and train stops are only 200 meters from the houses.\" \/>\n<meta property=\"og:url\" content=\"https:\/\/apart-jaeger.at\/en\/location-arrival\/\" \/>\n<meta property=\"og:site_name\" content=\"Apart J\u00e4ger\" \/>\n<meta property=\"article:modified_time\" content=\"2025-05-26T09:18:24+00:00\" \/>\n<meta name=\"twitter:card\" content=\"summary_large_image\" \/>\n<meta name=\"twitter:label1\" content=\"Est. reading time\" \/>\n\t<meta name=\"twitter:data1\" content=\"1 minute\" \/>\n<script type=\"application\/ld+json\" class=\"yoast-schema-graph\">{\"@context\":\"https:\\\/\\\/schema.org\",\"@graph\":[{\"@type\":\"WebPage\",\"@id\":\"https:\\\/\\\/apart-jaeger.at\\\/en\\\/location-arrival\\\/\",\"url\":\"https:\\\/\\\/apart-jaeger.at\\\/en\\\/location-arrival\\\/\",\"name\":\"Location & Arrival in the Zillertal\",\"isPartOf\":{\"@id\":\"https:\\\/\\\/apart-jaeger.at\\\/en\\\/#website\"},\"datePublished\":\"2023-06-20T08:27:48+00:00\",\"dateModified\":\"2025-05-26T09:18:24+00:00\",\"description\":\"You can reach us comfortably by car, train or bus. The bus and train stops are only 200 meters from the houses.\",\"breadcrumb\":{\"@id\":\"https:\\\/\\\/apart-jaeger.at\\\/en\\\/location-arrival\\\/#breadcrumb\"},\"inLanguage\":\"en-US\",\"potentialAction\":[{\"@type\":\"ReadAction\",\"target\":[\"https:\\\/\\\/apart-jaeger.at\\\/en\\\/location-arrival\\\/\"]}]},{\"@type\":\"BreadcrumbList\",\"@id\":\"https:\\\/\\\/apart-jaeger.at\\\/en\\\/location-arrival\\\/#breadcrumb\",\"itemListElement\":[{\"@type\":\"ListItem\",\"position\":1,\"name\":\"Home\",\"item\":\"https:\\\/\\\/apart-jaeger.at\\\/en\\\/\"},{\"@type\":\"ListItem\",\"position\":2,\"name\":\"Location &#038; Arrival\"}]},{\"@type\":\"WebSite\",\"@id\":\"https:\\\/\\\/apart-jaeger.at\\\/en\\\/#website\",\"url\":\"https:\\\/\\\/apart-jaeger.at\\\/en\\\/\",\"name\":\"Apart J\u00e4ger\",\"description\":\"Ferienhaus &amp; Apartments\",\"publisher\":{\"@id\":\"https:\\\/\\\/apart-jaeger.at\\\/en\\\/#organization\"},\"potentialAction\":[{\"@type\":\"SearchAction\",\"target\":{\"@type\":\"EntryPoint\",\"urlTemplate\":\"https:\\\/\\\/apart-jaeger.at\\\/en\\\/?s={search_term_string}\"},\"query-input\":{\"@type\":\"PropertyValueSpecification\",\"valueRequired\":true,\"valueName\":\"search_term_string\"}}],\"inLanguage\":\"en-US\"},{\"@type\":\"Organization\",\"@id\":\"https:\\\/\\\/apart-jaeger.at\\\/en\\\/#organization\",\"name\":\"Apart J\u00e4ger\",\"url\":\"https:\\\/\\\/apart-jaeger.at\\\/en\\\/\",\"logo\":{\"@type\":\"ImageObject\",\"inLanguage\":\"en-US\",\"@id\":\"https:\\\/\\\/apart-jaeger.at\\\/en\\\/#\\\/schema\\\/logo\\\/image\\\/\",\"url\":\"https:\\\/\\\/apart-jaeger.at\\\/wp-content\\\/uploads\\\/2023\\\/04\\\/Logo-Apart-Jaeger-RGB-final.png\",\"contentUrl\":\"https:\\\/\\\/apart-jaeger.at\\\/wp-content\\\/uploads\\\/2023\\\/04\\\/Logo-Apart-Jaeger-RGB-final.png\",\"width\":600,\"height\":300,\"caption\":\"Apart J\u00e4ger\"},\"image\":{\"@id\":\"https:\\\/\\\/apart-jaeger.at\\\/en\\\/#\\\/schema\\\/logo\\\/image\\\/\"}}]}<\/script>\n<!-- \/ Yoast SEO plugin. -->","yoast_head_json":{"title":"Location & Arrival in the Zillertal","description":"You can reach us comfortably by car, train or bus. The bus and train stops are only 200 meters from the houses.","robots":{"index":"index","follow":"follow","max-snippet":"max-snippet:-1","max-image-preview":"max-image-preview:large","max-video-preview":"max-video-preview:-1"},"canonical":"https:\/\/apart-jaeger.at\/en\/location-arrival\/","og_locale":"en_US","og_type":"article","og_title":"Location & Arrival in the Zillertal","og_description":"You can reach us comfortably by car, train or bus. The bus and train stops are only 200 meters from the houses.","og_url":"https:\/\/apart-jaeger.at\/en\/location-arrival\/","og_site_name":"Apart J\u00e4ger","article_modified_time":"2025-05-26T09:18:24+00:00","twitter_card":"summary_large_image","twitter_misc":{"Est. reading time":"1 minute"},"schema":{"@context":"https:\/\/schema.org","@graph":[{"@type":"WebPage","@id":"https:\/\/apart-jaeger.at\/en\/location-arrival\/","url":"https:\/\/apart-jaeger.at\/en\/location-arrival\/","name":"Location & Arrival in the Zillertal","isPartOf":{"@id":"https:\/\/apart-jaeger.at\/en\/#website"},"datePublished":"2023-06-20T08:27:48+00:00","dateModified":"2025-05-26T09:18:24+00:00","description":"You can reach us comfortably by car, train or bus. The bus and train stops are only 200 meters from the houses.","breadcrumb":{"@id":"https:\/\/apart-jaeger.at\/en\/location-arrival\/#breadcrumb"},"inLanguage":"en-US","potentialAction":[{"@type":"ReadAction","target":["https:\/\/apart-jaeger.at\/en\/location-arrival\/"]}]},{"@type":"BreadcrumbList","@id":"https:\/\/apart-jaeger.at\/en\/location-arrival\/#breadcrumb","itemListElement":[{"@type":"ListItem","position":1,"name":"Home","item":"https:\/\/apart-jaeger.at\/en\/"},{"@type":"ListItem","position":2,"name":"Location &#038; Arrival"}]},{"@type":"WebSite","@id":"https:\/\/apart-jaeger.at\/en\/#website","url":"https:\/\/apart-jaeger.at\/en\/","name":"Apart J\u00e4ger","description":"Ferienhaus &amp; Apartments","publisher":{"@id":"https:\/\/apart-jaeger.at\/en\/#organization"},"potentialAction":[{"@type":"SearchAction","target":{"@type":"EntryPoint","urlTemplate":"https:\/\/apart-jaeger.at\/en\/?s={search_term_string}"},"query-input":{"@type":"PropertyValueSpecification","valueRequired":true,"valueName":"search_term_string"}}],"inLanguage":"en-US"},{"@type":"Organization","@id":"https:\/\/apart-jaeger.at\/en\/#organization","name":"Apart J\u00e4ger","url":"https:\/\/apart-jaeger.at\/en\/","logo":{"@type":"ImageObject","inLanguage":"en-US","@id":"https:\/\/apart-jaeger.at\/en\/#\/schema\/logo\/image\/","url":"https:\/\/apart-jaeger.at\/wp-content\/uploads\/2023\/04\/Logo-Apart-Jaeger-RGB-final.png","contentUrl":"https:\/\/apart-jaeger.at\/wp-content\/uploads\/2023\/04\/Logo-Apart-Jaeger-RGB-final.png","width":600,"height":300,"caption":"Apart J\u00e4ger"},"image":{"@id":"https:\/\/apart-jaeger.at\/en\/#\/schema\/logo\/image\/"}}]}},"_links":{"self":[{"href":"https:\/\/apart-jaeger.at\/en\/wp-json\/wp\/v2\/pages\/839","targetHints":{"allow":["GET"]}}],"collection":[{"href":"https:\/\/apart-jaeger.at\/en\/wp-json\/wp\/v2\/pages"}],"about":[{"href":"https:\/\/apart-jaeger.at\/en\/wp-json\/wp\/v2\/types\/page"}],"author":[{"embeddable":true,"href":"https:\/\/apart-jaeger.at\/en\/wp-json\/wp\/v2\/users\/2"}],"replies":[{"embeddable":true,"href":"https:\/\/apart-jaeger.at\/en\/wp-json\/wp\/v2\/comments?post=839"}],"version-history":[{"count":2,"href":"https:\/\/apart-jaeger.at\/en\/wp-json\/wp\/v2\/pages\/839\/revisions"}],"predecessor-version":[{"id":1087,"href":"https:\/\/apart-jaeger.at\/en\/wp-json\/wp\/v2\/pages\/839\/revisions\/1087"}],"wp:attachment":[{"href":"https:\/\/apart-jaeger.at\/en\/wp-json\/wp\/v2\/media?parent=839"}],"curies":[{"name":"wp","href":"https:\/\/api.w.org\/{rel}","templated":true}]}}